{"id":354,"date":"2022-05-24T12:29:12","date_gmt":"2022-05-24T12:29:12","guid":{"rendered":"https:\/\/impiantielia.it\/home\/"},"modified":"2022-05-28T09:18:26","modified_gmt":"2022-05-28T09:18:26","slug":"home","status":"publish","type":"page","link":"https:\/\/impiantielia.it\/fr\/","title":{"rendered":"Home"},"content":{"rendered":"\t\t<div data-elementor-type=\"wp-page\" data-elementor-id=\"354\" class=\"elementor elementor-354 elementor-13\" data-elementor-post-type=\"page\">\n\t\t\t\t<div class=\"elementor-element elementor-element-d374a2f e-flex e-con-boxed e-con e-parent\" data-id=\"d374a2f\" data-element_type=\"container\" data-e-type=\"container\" data-settings=\"{&quot;background_background&quot;:&quot;slideshow&quot;,&quot;background_slideshow_gallery&quot;:[{&quot;id&quot;:30,&quot;url&quot;:&quot;https:\\\/\\\/impiantielia.it\\\/wp-content\\\/uploads\\\/2022\\\/05\\\/Impianti-elia1.jpeg&quot;},{&quot;id&quot;:31,&quot;url&quot;:&quot;https:\\\/\\\/impiantielia.it\\\/wp-content\\\/uploads\\\/2022\\\/05\\\/Impianti-elia2.jpeg&quot;},{&quot;id&quot;:32,&quot;url&quot;:&quot;https:\\\/\\\/impiantielia.it\\\/wp-content\\\/uploads\\\/2022\\\/05\\\/Impianti-elia3.jpeg&quot;},{&quot;id&quot;:34,&quot;url&quot;:&quot;https:\\\/\\\/impiantielia.it\\\/wp-content\\\/uploads\\\/2022\\\/05\\\/Impianti-elia5.jpeg&quot;},{&quot;id&quot;:33,&quot;url&quot;:&quot;https:\\\/\\\/impiantielia.it\\\/wp-content\\\/uploads\\\/2022\\\/05\\\/Impianti-elia4.jpeg&quot;}],&quot;background_slideshow_loop&quot;:&quot;yes&quot;,&quot;background_slideshow_slide_duration&quot;:5000,&quot;background_slideshow_slide_transition&quot;:&quot;fade&quot;,&quot;background_slideshow_transition_duration&quot;:500}\">\n\t\t\t\t\t<div class=\"e-con-inner\">\n\t\t\t\t\t<\/div>\n\t\t\t\t<\/div>\n\t\t<div class=\"elementor-element elementor-element-0b00965 e-flex e-con-boxed e-con e-parent\" data-id=\"0b00965\" data-element_type=\"container\" data-e-type=\"container\" data-settings=\"{&quot;background_background&quot;:&quot;classic&quot;}\">\n\t\t\t\t\t<div class=\"e-con-inner\">\n\t\t\t\t<div class=\"elementor-element elementor-element-dabfed1 elementor-widget elementor-widget-image\" data-id=\"dabfed1\" data-element_type=\"widget\" data-e-type=\"widget\" data-widget_type=\"image.default\">\n\t\t\t\t<div class=\"elementor-widget-container\">\n\t\t\t\t\t\t\t\t\t\t\t\t\t\t\t<img decoding=\"async\" width=\"106\" height=\"132\" src=\"https:\/\/impiantielia.it\/wp-content\/uploads\/2022\/05\/Logo-mail-1.png\" class=\"attachment-large size-large wp-image-276\" alt=\"\" \/>\t\t\t\t\t\t\t\t\t\t\t\t\t\t\t<\/div>\n\t\t\t\t<\/div>\n\t\t\t\t<div class=\"elementor-element elementor-element-70df306 elementor-widget elementor-widget-heading\" data-id=\"70df306\" data-element_type=\"widget\" data-e-type=\"widget\" data-widget_type=\"heading.default\">\n\t\t\t\t<div class=\"elementor-widget-container\">\n\t\t\t\t\t<h2 class=\"elementor-heading-title elementor-size-default\">Elia Giorgio di Elia Giosu\u00e8<\/h2>\t\t\t\t<\/div>\n\t\t\t\t<\/div>\n\t\t\t\t<div class=\"elementor-element elementor-element-5841fe3 elementor-widget elementor-widget-text-editor\" data-id=\"5841fe3\" data-element_type=\"widget\" data-e-type=\"widget\" data-widget_type=\"text-editor.default\">\n\t\t\t\t<div class=\"elementor-widget-container\">\n\t\t\t\t\t\t\t\t\tNotre entreprise est n\u00e9e de la passion, de la volont\u00e9 et des nombreuses ann\u00e9es d\u2019exp\u00e9rience acquis par Elia Giorgio qui, en 1995, a acquis son professionnalisme et a fond\u00e9 l\u2019entreprise dans le secteur de la m\u00e9tallurgie.\r\n\r\nEn 2002, \u00e0 la suite du d\u00e9c\u00e8s premature de Giorgio, l\u2019activit\u00e9 a \u00e9t\u00e9 poursuivie par son fr\u00e8re Giosu\u00e8, qui, depuis sa fondation, y a activement particip\u00e9, couvrant le r\u00f4le de collaborateur sp\u00e9cialis\u00e9.\t\t\t\t\t\t\t\t<\/div>\n\t\t\t\t<\/div>\n\t\t\t\t\t<\/div>\n\t\t\t\t<\/div>\n\t\t<div class=\"elementor-element elementor-element-c91f0bc e-flex e-con-boxed e-con e-parent\" data-id=\"c91f0bc\" data-element_type=\"container\" data-e-type=\"container\">\n\t\t\t\t\t<div class=\"e-con-inner\">\n\t\t<div class=\"elementor-element elementor-element-edcd511 e-flex e-con-boxed e-con e-parent\" data-id=\"edcd511\" data-element_type=\"container\" data-e-type=\"container\">\n\t\t\t\t\t<div class=\"e-con-inner\">\n\t\t\t\t<div class=\"elementor-element elementor-element-84eb5af elementor-widget elementor-widget-heading\" data-id=\"84eb5af\" data-element_type=\"widget\" data-e-type=\"widget\" data-widget_type=\"heading.default\">\n\t\t\t\t<div class=\"elementor-widget-container\">\n\t\t\t\t\t<h2 class=\"elementor-heading-title elementor-size-default\">Nos Services<\/h2>\t\t\t\t<\/div>\n\t\t\t\t<\/div>\n\t\t\t\t<div class=\"elementor-element elementor-element-bf26b58 elementor-widget-divider--view-line elementor-widget elementor-widget-divider\" data-id=\"bf26b58\" data-element_type=\"widget\" data-e-type=\"widget\" data-widget_type=\"divider.default\">\n\t\t\t\t<div class=\"elementor-widget-container\">\n\t\t\t\t\t\t\t<div class=\"elementor-divider\">\n\t\t\t<span class=\"elementor-divider-separator\">\n\t\t\t\t\t\t<\/span>\n\t\t<\/div>\n\t\t\t\t\t\t<\/div>\n\t\t\t\t<\/div>\n\t\t\t\t\t<\/div>\n\t\t\t\t<\/div>\n\t\t<div class=\"elementor-element elementor-element-796b64c e-flex e-con-boxed e-con e-parent\" data-id=\"796b64c\" data-element_type=\"container\" data-e-type=\"container\">\n\t\t\t\t\t<div class=\"e-con-inner\">\n\t\t<div class=\"elementor-element elementor-element-00505fa e-flex e-con-boxed e-con e-parent\" data-id=\"00505fa\" data-element_type=\"container\" data-e-type=\"container\" data-settings=\"{&quot;background_background&quot;:&quot;classic&quot;}\">\n\t\t\t\t\t<div class=\"e-con-inner\">\n\t\t\t\t<div class=\"elementor-element elementor-element-e811ffa elementor-widget elementor-widget-image\" data-id=\"e811ffa\" data-element_type=\"widget\" data-e-type=\"widget\" data-widget_type=\"image.default\">\n\t\t\t\t<div class=\"elementor-widget-container\">\n\t\t\t\t\t\t\t\t\t\t\t\t\t\t\t<img fetchpriority=\"high\" decoding=\"async\" width=\"800\" height=\"534\" src=\"https:\/\/impiantielia.it\/wp-content\/uploads\/2022\/05\/riscaldamento2-1024x683.jpg\" class=\"attachment-large size-large wp-image-277\" alt=\"\" srcset=\"https:\/\/impiantielia.it\/wp-content\/uploads\/2022\/05\/riscaldamento2-1024x683.jpg 1024w, https:\/\/impiantielia.it\/wp-content\/uploads\/2022\/05\/riscaldamento2-300x200.jpg 300w, https:\/\/impiantielia.it\/wp-content\/uploads\/2022\/05\/riscaldamento2-768x512.jpg 768w, https:\/\/impiantielia.it\/wp-content\/uploads\/2022\/05\/riscaldamento2.jpg 1200w\" sizes=\"(max-width: 800px) 100vw, 800px\" \/>\t\t\t\t\t\t\t\t\t\t\t\t\t\t\t<\/div>\n\t\t\t\t<\/div>\n\t\t\t\t<div class=\"elementor-element elementor-element-9dc78fe elementor-widget elementor-widget-image\" data-id=\"9dc78fe\" data-element_type=\"widget\" data-e-type=\"widget\" data-widget_type=\"image.default\">\n\t\t\t\t<div class=\"elementor-widget-container\">\n\t\t\t\t\t\t\t\t\t\t\t\t\t\t\t<img decoding=\"async\" width=\"100\" height=\"100\" src=\"https:\/\/impiantielia.it\/wp-content\/uploads\/2022\/05\/idrotermosanitari-1-100x100-1.png\" class=\"attachment-large size-large wp-image-278\" alt=\"\" \/>\t\t\t\t\t\t\t\t\t\t\t\t\t\t\t<\/div>\n\t\t\t\t<\/div>\n\t\t\t\t<div class=\"elementor-element elementor-element-ba2882c elementor-widget elementor-widget-text-editor\" data-id=\"ba2882c\" data-element_type=\"widget\" data-e-type=\"widget\" data-widget_type=\"text-editor.default\">\n\t\t\t\t<div class=\"elementor-widget-container\">\n\t\t\t\t\t\t\t\t\t<h3>Installation Hydro sanitaire<\/h3>\r\nLe syst\u00e8me hydraulique comprend: 1. la distribution d\u2019eau chaude et froide et les diff\u00e9rents points de chargement et de d\u00e9chargement n\u00e9cessaires au raccordement \u00e9viers, toilettes, bidets, cuisines et machines \u00e0 laver\u2026\r\n\r\n<a href=\"https:\/\/impiantielia.it\/servizi-idraulici\/\">LIRE PLUS<\/a>\t\t\t\t\t\t\t\t<\/div>\n\t\t\t\t<\/div>\n\t\t\t\t\t<\/div>\n\t\t\t\t<\/div>\n\t\t<div class=\"elementor-element elementor-element-804faa0 e-flex e-con-boxed e-con e-parent\" data-id=\"804faa0\" data-element_type=\"container\" data-e-type=\"container\" data-settings=\"{&quot;background_background&quot;:&quot;classic&quot;}\">\n\t\t\t\t\t<div class=\"e-con-inner\">\n\t\t\t\t<div class=\"elementor-element elementor-element-1be10b6 elementor-widget elementor-widget-image\" data-id=\"1be10b6\" data-element_type=\"widget\" data-e-type=\"widget\" data-widget_type=\"image.default\">\n\t\t\t\t<div class=\"elementor-widget-container\">\n\t\t\t\t\t\t\t\t\t\t\t\t\t\t\t<img loading=\"lazy\" decoding=\"async\" width=\"800\" height=\"534\" src=\"https:\/\/impiantielia.it\/wp-content\/uploads\/2022\/05\/riscaldamento-a-apavimento-1024x683.jpg\" class=\"attachment-large size-large wp-image-279\" alt=\"\" srcset=\"https:\/\/impiantielia.it\/wp-content\/uploads\/2022\/05\/riscaldamento-a-apavimento-1024x683.jpg 1024w, https:\/\/impiantielia.it\/wp-content\/uploads\/2022\/05\/riscaldamento-a-apavimento-300x200.jpg 300w, https:\/\/impiantielia.it\/wp-content\/uploads\/2022\/05\/riscaldamento-a-apavimento-768x512.jpg 768w, https:\/\/impiantielia.it\/wp-content\/uploads\/2022\/05\/riscaldamento-a-apavimento.jpg 1200w\" sizes=\"(max-width: 800px) 100vw, 800px\" \/>\t\t\t\t\t\t\t\t\t\t\t\t\t\t\t<\/div>\n\t\t\t\t<\/div>\n\t\t\t\t<div class=\"elementor-element elementor-element-eed32ae elementor-widget elementor-widget-image\" data-id=\"eed32ae\" data-element_type=\"widget\" data-e-type=\"widget\" data-widget_type=\"image.default\">\n\t\t\t\t<div class=\"elementor-widget-container\">\n\t\t\t\t\t\t\t\t\t\t\t\t\t\t\t<img loading=\"lazy\" decoding=\"async\" width=\"100\" height=\"100\" src=\"https:\/\/impiantielia.it\/wp-content\/uploads\/2022\/05\/gas-1-100x100-1.png\" class=\"attachment-large size-large wp-image-281\" alt=\"\" \/>\t\t\t\t\t\t\t\t\t\t\t\t\t\t\t<\/div>\n\t\t\t\t<\/div>\n\t\t\t\t<div class=\"elementor-element elementor-element-d6f5b84 elementor-widget elementor-widget-text-editor\" data-id=\"d6f5b84\" data-element_type=\"widget\" data-e-type=\"widget\" data-widget_type=\"text-editor.default\">\n\t\t\t\t<div class=\"elementor-widget-container\">\n\t\t\t\t\t\t\t\t\t<h3>Chauffage<\/h3>\r\nRadiateurs et syst\u00e8mes de chauffage par le sol pour les b\u00e2timents commerciaux, industriels et r\u00e9sidentiels tels que les appartements, villas propri\u00e9t\u00e9s nouvelles et \u00e0 restaurer\u2026\r\n\r\n<a href=\"https:\/\/impiantielia.it\/riscaldamento\/\">LIRE PLUS<\/a>\t\t\t\t\t\t\t\t<\/div>\n\t\t\t\t<\/div>\n\t\t\t\t\t<\/div>\n\t\t\t\t<\/div>\n\t\t<div class=\"elementor-element elementor-element-312371e e-flex e-con-boxed e-con e-parent\" data-id=\"312371e\" data-element_type=\"container\" data-e-type=\"container\" data-settings=\"{&quot;background_background&quot;:&quot;classic&quot;}\">\n\t\t\t\t\t<div class=\"e-con-inner\">\n\t\t\t\t<div class=\"elementor-element elementor-element-8887575 elementor-widget elementor-widget-image\" data-id=\"8887575\" data-element_type=\"widget\" data-e-type=\"widget\" data-widget_type=\"image.default\">\n\t\t\t\t<div class=\"elementor-widget-container\">\n\t\t\t\t\t\t\t\t\t\t\t\t\t\t\t<img loading=\"lazy\" decoding=\"async\" width=\"800\" height=\"534\" src=\"https:\/\/impiantielia.it\/wp-content\/uploads\/2022\/05\/rinnovabile-1024x683.jpg\" class=\"attachment-large size-large wp-image-280\" alt=\"\" srcset=\"https:\/\/impiantielia.it\/wp-content\/uploads\/2022\/05\/rinnovabile-1024x683.jpg 1024w, https:\/\/impiantielia.it\/wp-content\/uploads\/2022\/05\/rinnovabile-300x200.jpg 300w, https:\/\/impiantielia.it\/wp-content\/uploads\/2022\/05\/rinnovabile-768x512.jpg 768w, https:\/\/impiantielia.it\/wp-content\/uploads\/2022\/05\/rinnovabile.jpg 1200w\" sizes=\"(max-width: 800px) 100vw, 800px\" \/>\t\t\t\t\t\t\t\t\t\t\t\t\t\t\t<\/div>\n\t\t\t\t<\/div>\n\t\t\t\t<div class=\"elementor-element elementor-element-0c68df6 elementor-widget elementor-widget-image\" data-id=\"0c68df6\" data-element_type=\"widget\" data-e-type=\"widget\" data-widget_type=\"image.default\">\n\t\t\t\t<div class=\"elementor-widget-container\">\n\t\t\t\t\t\t\t\t\t\t\t\t\t\t\t<img loading=\"lazy\" decoding=\"async\" width=\"100\" height=\"100\" src=\"https:\/\/impiantielia.it\/wp-content\/uploads\/2022\/05\/pannelli-solari-1-100x100-1.png\" class=\"attachment-large size-large wp-image-282\" alt=\"\" \/>\t\t\t\t\t\t\t\t\t\t\t\t\t\t\t<\/div>\n\t\t\t\t<\/div>\n\t\t\t\t<div class=\"elementor-element elementor-element-7a9faff elementor-widget elementor-widget-text-editor\" data-id=\"7a9faff\" data-element_type=\"widget\" data-e-type=\"widget\" data-widget_type=\"text-editor.default\">\n\t\t\t\t<div class=\"elementor-widget-container\">\n\t\t\t\t\t\t\t\t\t<h3>\u00c9nergie renouvelable<\/h3>\r\nFourniture et installation de syst\u00e8mes utilisant l\u2019\u00e9nergie solaire compos\u00e9s de panneaux solaires et de chaudi\u00e8res garantissant le double avantage de r\u00e9duire les \u00e9missions polluantes et la consommation d\u2019\u00e9nergie\u2026\r\n\r\n<a href=\"https:\/\/impiantielia.it\/energie-rinnovabili\/\">LIRE PLUS<\/a>\t\t\t\t\t\t\t\t<\/div>\n\t\t\t\t<\/div>\n\t\t\t\t\t<\/div>\n\t\t\t\t<\/div>\n\t\t\t\t\t<\/div>\n\t\t\t\t<\/div>\n\t\t\t\t\t<\/div>\n\t\t\t\t<\/div>\n\t\t<div class=\"elementor-element elementor-element-d54a5b8 e-con-full e-flex e-con e-parent\" data-id=\"d54a5b8\" data-element_type=\"container\" data-e-type=\"container\">\n\t\t<div class=\"elementor-element elementor-element-6910832 e-flex e-con-boxed e-con e-parent\" data-id=\"6910832\" data-element_type=\"container\" data-e-type=\"container\" data-settings=\"{&quot;background_background&quot;:&quot;classic&quot;}\">\n\t\t\t\t\t<div class=\"e-con-inner\">\n\t\t\t\t<div class=\"elementor-element elementor-element-fe651e5 elementor-align-center elementor-widget elementor-widget-button\" data-id=\"fe651e5\" data-element_type=\"widget\" data-e-type=\"widget\" data-widget_type=\"button.default\">\n\t\t\t\t<div class=\"elementor-widget-container\">\n\t\t\t\t\t\t\t\t\t<div class=\"elementor-button-wrapper\">\n\t\t\t\t\t<a class=\"elementor-button elementor-button-link elementor-size-sm\" href=\"https:\/\/impiantielia.it\/fr\/services\/\">\n\t\t\t\t\t\t<span class=\"elementor-button-content-wrapper\">\n\t\t\t\t\t\t\t\t\t<span class=\"elementor-button-text\">Voir tous les services<\/span>\n\t\t\t\t\t<\/span>\n\t\t\t\t\t<\/a>\n\t\t\t\t<\/div>\n\t\t\t\t\t\t\t\t<\/div>\n\t\t\t\t<\/div>\n\t\t\t\t\t<\/div>\n\t\t\t\t<\/div>\n\t\t<div class=\"elementor-element elementor-element-ec54f12 e-con-full e-flex e-con e-parent\" data-id=\"ec54f12\" data-element_type=\"container\" data-e-type=\"container\">\n\t\t\t\t<div class=\"elementor-element elementor-element-949e2da elementor-widget elementor-widget-heading\" data-id=\"949e2da\" data-element_type=\"widget\" data-e-type=\"widget\" data-widget_type=\"heading.default\">\n\t\t\t\t<div class=\"elementor-widget-container\">\n\t\t\t\t\t<h2 class=\"elementor-heading-title elementor-size-default\">Quelques travaux effectu\u00e9s par nous<\/h2>\t\t\t\t<\/div>\n\t\t\t\t<\/div>\n\t\t\t\t<div class=\"elementor-element elementor-element-e2b57f3 elementor-widget-divider--view-line elementor-widget elementor-widget-divider\" data-id=\"e2b57f3\" data-element_type=\"widget\" data-e-type=\"widget\" data-widget_type=\"divider.default\">\n\t\t\t\t<div class=\"elementor-widget-container\">\n\t\t\t\t\t\t\t<div class=\"elementor-divider\">\n\t\t\t<span class=\"elementor-divider-separator\">\n\t\t\t\t\t\t<\/span>\n\t\t<\/div>\n\t\t\t\t\t\t<\/div>\n\t\t\t\t<\/div>\n\t\t\t\t<div class=\"elementor-element elementor-element-7e0bbaa elementor-widget elementor-widget-gallery\" data-id=\"7e0bbaa\" data-element_type=\"widget\" data-e-type=\"widget\" data-settings=\"{&quot;columns&quot;:3,&quot;gap&quot;:{&quot;unit&quot;:&quot;px&quot;,&quot;size&quot;:4,&quot;sizes&quot;:[]},&quot;lazyload&quot;:&quot;yes&quot;,&quot;gallery_layout&quot;:&quot;grid&quot;,&quot;columns_tablet&quot;:2,&quot;columns_mobile&quot;:1,&quot;gap_tablet&quot;:{&quot;unit&quot;:&quot;px&quot;,&quot;size&quot;:10,&quot;sizes&quot;:[]},&quot;gap_mobile&quot;:{&quot;unit&quot;:&quot;px&quot;,&quot;size&quot;:10,&quot;sizes&quot;:[]},&quot;link_to&quot;:&quot;file&quot;,&quot;aspect_ratio&quot;:&quot;3:2&quot;,&quot;overlay_background&quot;:&quot;yes&quot;,&quot;content_hover_animation&quot;:&quot;fade-in&quot;}\" data-widget_type=\"gallery.default\">\n\t\t\t\t<div class=\"elementor-widget-container\">\n\t\t\t\t\t\t\t<div class=\"elementor-gallery__container\">\n\t\t\t\t\t\t\t<a class=\"e-gallery-item elementor-gallery-item elementor-animated-content\" href=\"https:\/\/impiantielia.it\/wp-content\/uploads\/2022\/05\/Impianti-elia42.jpeg\" data-elementor-open-lightbox=\"yes\" data-elementor-lightbox-slideshow=\"7e0bbaa\" data-elementor-lightbox-title=\"Impianti elia42\" data-e-action-hash=\"#elementor-action%3Aaction%3Dlightbox%26settings%3DeyJpZCI6NTAsInVybCI6Imh0dHBzOlwvXC9pbXBpYW50aWVsaWEuaXRcL3dwLWNvbnRlbnRcL3VwbG9hZHNcLzIwMjJcLzA1XC9JbXBpYW50aS1lbGlhNDIuanBlZyIsInNsaWRlc2hvdyI6IjdlMGJiYWEifQ%3D%3D\">\n\t\t\t\t\t<div class=\"e-gallery-image elementor-gallery-item__image\" data-thumbnail=\"https:\/\/impiantielia.it\/wp-content\/uploads\/2022\/05\/Impianti-elia42.jpeg\" data-width=\"960\" data-height=\"720\" aria-label=\"\" role=\"img\" ><\/div>\n\t\t\t\t\t\t\t\t\t\t\t<div class=\"elementor-gallery-item__overlay\"><\/div>\n\t\t\t\t\t\t\t\t\t\t\t\t\t\t<\/a>\n\t\t\t\t\t\t\t<a class=\"e-gallery-item elementor-gallery-item elementor-animated-content\" href=\"https:\/\/impiantielia.it\/wp-content\/uploads\/2022\/05\/Impianti-elia6.jpeg\" data-elementor-open-lightbox=\"yes\" data-elementor-lightbox-slideshow=\"7e0bbaa\" data-elementor-lightbox-title=\"Impianti elia6\" data-e-action-hash=\"#elementor-action%3Aaction%3Dlightbox%26settings%3DeyJpZCI6NDksInVybCI6Imh0dHBzOlwvXC9pbXBpYW50aWVsaWEuaXRcL3dwLWNvbnRlbnRcL3VwbG9hZHNcLzIwMjJcLzA1XC9JbXBpYW50aS1lbGlhNi5qcGVnIiwic2xpZGVzaG93IjoiN2UwYmJhYSJ9\">\n\t\t\t\t\t<div class=\"e-gallery-image elementor-gallery-item__image\" data-thumbnail=\"https:\/\/impiantielia.it\/wp-content\/uploads\/2022\/05\/Impianti-elia6.jpeg\" data-width=\"960\" data-height=\"720\" aria-label=\"\" role=\"img\" ><\/div>\n\t\t\t\t\t\t\t\t\t\t\t<div class=\"elementor-gallery-item__overlay\"><\/div>\n\t\t\t\t\t\t\t\t\t\t\t\t\t\t<\/a>\n\t\t\t\t\t\t\t<a class=\"e-gallery-item elementor-gallery-item elementor-animated-content\" href=\"https:\/\/impiantielia.it\/wp-content\/uploads\/2022\/05\/Impianti-elia5-1.jpeg\" data-elementor-open-lightbox=\"yes\" data-elementor-lightbox-slideshow=\"7e0bbaa\" data-elementor-lightbox-title=\"Impianti elia5\" data-e-action-hash=\"#elementor-action%3Aaction%3Dlightbox%26settings%3DeyJpZCI6NDgsInVybCI6Imh0dHBzOlwvXC9pbXBpYW50aWVsaWEuaXRcL3dwLWNvbnRlbnRcL3VwbG9hZHNcLzIwMjJcLzA1XC9JbXBpYW50aS1lbGlhNS0xLmpwZWciLCJzbGlkZXNob3ciOiI3ZTBiYmFhIn0%3D\">\n\t\t\t\t\t<div class=\"e-gallery-image elementor-gallery-item__image\" data-thumbnail=\"https:\/\/impiantielia.it\/wp-content\/uploads\/2022\/05\/Impianti-elia5-1.jpeg\" data-width=\"720\" data-height=\"960\" aria-label=\"\" role=\"img\" ><\/div>\n\t\t\t\t\t\t\t\t\t\t\t<div class=\"elementor-gallery-item__overlay\"><\/div>\n\t\t\t\t\t\t\t\t\t\t\t\t\t\t<\/a>\n\t\t\t\t\t\t\t<a class=\"e-gallery-item elementor-gallery-item elementor-animated-content\" href=\"https:\/\/impiantielia.it\/wp-content\/uploads\/2022\/05\/Impianti-elia4-1.jpeg\" data-elementor-open-lightbox=\"yes\" data-elementor-lightbox-slideshow=\"7e0bbaa\" data-elementor-lightbox-title=\"Impianti elia4\" data-e-action-hash=\"#elementor-action%3Aaction%3Dlightbox%26settings%3DeyJpZCI6NDcsInVybCI6Imh0dHBzOlwvXC9pbXBpYW50aWVsaWEuaXRcL3dwLWNvbnRlbnRcL3VwbG9hZHNcLzIwMjJcLzA1XC9JbXBpYW50aS1lbGlhNC0xLmpwZWciLCJzbGlkZXNob3ciOiI3ZTBiYmFhIn0%3D\">\n\t\t\t\t\t<div class=\"e-gallery-image elementor-gallery-item__image\" data-thumbnail=\"https:\/\/impiantielia.it\/wp-content\/uploads\/2022\/05\/Impianti-elia4-1.jpeg\" data-width=\"720\" data-height=\"960\" aria-label=\"\" role=\"img\" ><\/div>\n\t\t\t\t\t\t\t\t\t\t\t<div class=\"elementor-gallery-item__overlay\"><\/div>\n\t\t\t\t\t\t\t\t\t\t\t\t\t\t<\/a>\n\t\t\t\t\t\t\t<a class=\"e-gallery-item elementor-gallery-item elementor-animated-content\" href=\"https:\/\/impiantielia.it\/wp-content\/uploads\/2022\/05\/Impianti-elia3-1.jpeg\" data-elementor-open-lightbox=\"yes\" data-elementor-lightbox-slideshow=\"7e0bbaa\" data-elementor-lightbox-title=\"Impianti elia3\" data-e-action-hash=\"#elementor-action%3Aaction%3Dlightbox%26settings%3DeyJpZCI6NDYsInVybCI6Imh0dHBzOlwvXC9pbXBpYW50aWVsaWEuaXRcL3dwLWNvbnRlbnRcL3VwbG9hZHNcLzIwMjJcLzA1XC9JbXBpYW50aS1lbGlhMy0xLmpwZWciLCJzbGlkZXNob3ciOiI3ZTBiYmFhIn0%3D\">\n\t\t\t\t\t<div class=\"e-gallery-image elementor-gallery-item__image\" data-thumbnail=\"https:\/\/impiantielia.it\/wp-content\/uploads\/2022\/05\/Impianti-elia3-1.jpeg\" data-width=\"960\" data-height=\"720\" aria-label=\"\" role=\"img\" ><\/div>\n\t\t\t\t\t\t\t\t\t\t\t<div class=\"elementor-gallery-item__overlay\"><\/div>\n\t\t\t\t\t\t\t\t\t\t\t\t\t\t<\/a>\n\t\t\t\t\t\t\t<a class=\"e-gallery-item elementor-gallery-item elementor-animated-content\" href=\"https:\/\/impiantielia.it\/wp-content\/uploads\/2022\/05\/Impianti-elia2-1.jpeg\" data-elementor-open-lightbox=\"yes\" data-elementor-lightbox-slideshow=\"7e0bbaa\" data-elementor-lightbox-title=\"Impianti elia2\" data-e-action-hash=\"#elementor-action%3Aaction%3Dlightbox%26settings%3DeyJpZCI6NDUsInVybCI6Imh0dHBzOlwvXC9pbXBpYW50aWVsaWEuaXRcL3dwLWNvbnRlbnRcL3VwbG9hZHNcLzIwMjJcLzA1XC9JbXBpYW50aS1lbGlhMi0xLmpwZWciLCJzbGlkZXNob3ciOiI3ZTBiYmFhIn0%3D\">\n\t\t\t\t\t<div class=\"e-gallery-image elementor-gallery-item__image\" data-thumbnail=\"https:\/\/impiantielia.it\/wp-content\/uploads\/2022\/05\/Impianti-elia2-1.jpeg\" data-width=\"960\" data-height=\"720\" aria-label=\"\" role=\"img\" ><\/div>\n\t\t\t\t\t\t\t\t\t\t\t<div class=\"elementor-gallery-item__overlay\"><\/div>\n\t\t\t\t\t\t\t\t\t\t\t\t\t\t<\/a>\n\t\t\t\t\t<\/div>\n\t\t\t\t\t<\/div>\n\t\t\t\t<\/div>\n\t\t\t\t<\/div>\n\t\t\t\t<\/div>\n\t\t<div class=\"elementor-element elementor-element-e90f895 e-con-full e-flex e-con e-parent\" data-id=\"e90f895\" data-element_type=\"container\" data-e-type=\"container\">\n\t\t\t\t<div class=\"elementor-element elementor-element-3e5098c elementor-align-center elementor-widget elementor-widget-button\" data-id=\"3e5098c\" data-element_type=\"widget\" data-e-type=\"widget\" data-widget_type=\"button.default\">\n\t\t\t\t<div class=\"elementor-widget-container\">\n\t\t\t\t\t\t\t\t\t<div class=\"elementor-button-wrapper\">\n\t\t\t\t\t<a class=\"elementor-button elementor-button-link elementor-size-sm\" href=\"https:\/\/impiantielia.it\/fr\/travail\/\">\n\t\t\t\t\t\t<span class=\"elementor-button-content-wrapper\">\n\t\t\t\t\t\t\t\t\t<span class=\"elementor-button-text\">Regarde la galerie<\/span>\n\t\t\t\t\t<\/span>\n\t\t\t\t\t<\/a>\n\t\t\t\t<\/div>\n\t\t\t\t\t\t\t\t<\/div>\n\t\t\t\t<\/div>\n\t\t\t\t<\/div>\n\t\t\t\t<\/div>\n\t\t","protected":false},"excerpt":{"rendered":"<p>Elia Giorgio di Elia Giosu\u00e8 Notre entreprise est n\u00e9e de la passion, de la volont\u00e9 et des nombreuses ann\u00e9es d\u2019exp\u00e9rience acquis par Elia Giorgio qui, en 1995, a acquis son professionnalisme et a fond\u00e9 l\u2019entreprise dans le secteur de la m\u00e9tallurgie. En 2002, \u00e0 la suite du d\u00e9c\u00e8s premature de Giorgio, l\u2019activit\u00e9 a \u00e9t\u00e9 poursuivie [&hellip;]<\/p>\n","protected":false},"author":1,"featured_media":0,"parent":0,"menu_order":0,"comment_status":"closed","ping_status":"closed","template":"elementor_header_footer","meta":{"footnotes":""},"class_list":["post-354","page","type-page","status-publish","hentry"],"_links":{"self":[{"href":"https:\/\/impiantielia.it\/fr\/wp-json\/wp\/v2\/pages\/354","targetHints":{"allow":["GET"]}}],"collection":[{"href":"https:\/\/impiantielia.it\/fr\/wp-json\/wp\/v2\/pages"}],"about":[{"href":"https:\/\/impiantielia.it\/fr\/wp-json\/wp\/v2\/types\/page"}],"author":[{"embeddable":true,"href":"https:\/\/impiantielia.it\/fr\/wp-json\/wp\/v2\/users\/1"}],"replies":[{"embeddable":true,"href":"https:\/\/impiantielia.it\/fr\/wp-json\/wp\/v2\/comments?post=354"}],"version-history":[{"count":1,"href":"https:\/\/impiantielia.it\/fr\/wp-json\/wp\/v2\/pages\/354\/revisions"}],"predecessor-version":[{"id":355,"href":"https:\/\/impiantielia.it\/fr\/wp-json\/wp\/v2\/pages\/354\/revisions\/355"}],"wp:attachment":[{"href":"https:\/\/impiantielia.it\/fr\/wp-json\/wp\/v2\/media?parent=354"}],"curies":[{"name":"wp","href":"https:\/\/api.w.org\/{rel}","templated":true}]}}